{"id":3242,"date":"2023-02-05T22:23:14","date_gmt":"2023-02-06T01:23:14","guid":{"rendered":"https:\/\/camposdealer.com.br\/politica-de-privacidad\/"},"modified":"2025-07-22T15:42:58","modified_gmt":"2025-07-22T18:42:58","slug":"politica-de-privacidad","status":"publish","type":"page","link":"https:\/\/camposdealer.com.br\/es\/politica-de-privacidad\/","title":{"rendered":"Pol\u00edtica de Privacidad"},"content":{"rendered":"\t\t<div data-elementor-type=\"wp-page\" data-elementor-id=\"3242\" class=\"elementor elementor-3242 elementor-3\" data-elementor-post-type=\"page\">\n\t\t\t\t\t\t<section class=\"elementor-section elementor-top-section elementor-element elementor-element-8677c43 elementor-section-boxed elementor-section-height-default elementor-section-height-default\" data-id=\"8677c43\" data-element_type=\"section\" data-e-type=\"section\" data-settings=\"{&quot;jet_parallax_layout_list&quot;:[{&quot;jet_parallax_layout_image&quot;:{&quot;url&quot;:&quot;&quot;,&quot;id&quot;:&quot;&quot;,&quot;size&quot;:&quot;&quot;},&quot;_id&quot;:&quot;3da9e1e&quot;,&quot;jet_parallax_layout_image_tablet&quot;:{&quot;url&quot;:&quot;&quot;,&quot;id&quot;:&quot;&quot;,&quot;size&quot;:&quot;&quot;},&quot;jet_parallax_layout_image_mobile&quot;:{&quot;url&quot;:&quot;&quot;,&quot;id&quot;:&quot;&quot;,&quot;size&quot;:&quot;&quot;},&quot;jet_parallax_layout_speed&quot;:{&quot;unit&quot;:&quot;%&quot;,&quot;size&quot;:50,&quot;sizes&quot;:[]},&quot;jet_parallax_layout_type&quot;:&quot;scroll&quot;,&quot;jet_parallax_layout_direction&quot;:&quot;1&quot;,&quot;jet_parallax_layout_fx_direction&quot;:null,&quot;jet_parallax_layout_z_index&quot;:&quot;&quot;,&quot;jet_parallax_layout_bg_x&quot;:50,&quot;jet_parallax_layout_bg_x_tablet&quot;:&quot;&quot;,&quot;jet_parallax_layout_bg_x_mobile&quot;:&quot;&quot;,&quot;jet_parallax_layout_bg_y&quot;:50,&quot;jet_parallax_layout_bg_y_tablet&quot;:&quot;&quot;,&quot;jet_parallax_layout_bg_y_mobile&quot;:&quot;&quot;,&quot;jet_parallax_layout_bg_size&quot;:&quot;auto&quot;,&quot;jet_parallax_layout_bg_size_tablet&quot;:&quot;&quot;,&quot;jet_parallax_layout_bg_size_mobile&quot;:&quot;&quot;,&quot;jet_parallax_layout_animation_prop&quot;:&quot;transform&quot;,&quot;jet_parallax_layout_on&quot;:[&quot;desktop&quot;,&quot;tablet&quot;]}]}\">\n\t\t\t\t\t\t<div class=\"elementor-container elementor-column-gap-default\">\n\t\t\t\t\t<div class=\"elementor-column elementor-col-100 elementor-top-column elementor-element elementor-element-a843e3c\" data-id=\"a843e3c\" data-element_type=\"column\" data-e-type=\"column\">\n\t\t\t<div class=\"elementor-widget-wrap elementor-element-populated\">\n\t\t\t\t\t\t<div class=\"elementor-element elementor-element-895f7ca elementor-widget-divider--view-line elementor-widget elementor-widget-divider\" data-id=\"895f7ca\" data-element_type=\"widget\" data-e-type=\"widget\" data-widget_type=\"divider.default\">\n\t\t\t\t\t\t\t<div class=\"elementor-divider\">\n\t\t\t<span class=\"elementor-divider-separator\">\n\t\t\t\t\t\t<\/span>\n\t\t<\/div>\n\t\t\t\t\t\t<\/div>\n\t\t\t\t\t<\/div>\n\t\t<\/div>\n\t\t\t\t\t<\/div>\n\t\t<\/section>\n\t\t\t\t<section class=\"elementor-section elementor-top-section elementor-element elementor-element-0c15b24 elementor-section-boxed elementor-section-height-default elementor-section-height-default\" data-id=\"0c15b24\" data-element_type=\"section\" data-e-type=\"section\" data-settings=\"{&quot;jet_parallax_layout_list&quot;:[]}\">\n\t\t\t\t\t\t<div class=\"elementor-container elementor-column-gap-default\">\n\t\t\t\t\t<div class=\"elementor-column elementor-col-100 elementor-top-column elementor-element elementor-element-d0cfccc\" data-id=\"d0cfccc\" data-element_type=\"column\" data-e-type=\"column\">\n\t\t\t<div class=\"elementor-widget-wrap elementor-element-populated\">\n\t\t\t\t\t\t<div class=\"elementor-element elementor-element-436e560 elementor-align-right elementor-widget__width-auto elementor-widget elementor-widget-button\" data-id=\"436e560\" data-element_type=\"widget\" data-e-type=\"widget\" data-widget_type=\"button.default\">\n\t\t\t\t\t\t\t\t\t\t<a class=\"elementor-button elementor-button-link elementor-size-xs\" href=\"#\">\n\t\t\t\t\t\t<span class=\"elementor-button-content-wrapper\">\n\t\t\t\t\t\t\t\t\t<span class=\"elementor-button-text\">Pol\u00edtica de Privacidad<\/span>\n\t\t\t\t\t<\/span>\n\t\t\t\t\t<\/a>\n\t\t\t\t\t\t\t\t<\/div>\n\t\t\t\t<div class=\"elementor-element elementor-element-c0ad44d elementor-align-right elementor-widget__width-auto elementor-widget elementor-widget-button\" data-id=\"c0ad44d\" data-element_type=\"widget\" data-e-type=\"widget\" data-widget_type=\"button.default\">\n\t\t\t\t\t\t\t\t\t\t<a class=\"elementor-button elementor-button-link elementor-size-xs\" href=\"https:\/\/camposdealer.com.br\/es\/politica-de-cookies\/\">\n\t\t\t\t\t\t<span class=\"elementor-button-content-wrapper\">\n\t\t\t\t\t\t\t\t\t<span class=\"elementor-button-text\">Pol\u00edtica de Cookies<\/span>\n\t\t\t\t\t<\/span>\n\t\t\t\t\t<\/a>\n\t\t\t\t\t\t\t\t<\/div>\n\t\t\t\t\t<\/div>\n\t\t<\/div>\n\t\t\t\t\t<\/div>\n\t\t<\/section>\n\t\t\t\t<section class=\"elementor-section elementor-top-section elementor-element elementor-element-0816781 elementor-section-boxed elementor-section-height-default elementor-section-height-default\" data-id=\"0816781\" data-element_type=\"section\" data-e-type=\"section\" data-settings=\"{&quot;jet_parallax_layout_list&quot;:[]}\">\n\t\t\t\t\t\t<div class=\"elementor-container elementor-column-gap-default\">\n\t\t\t\t\t<div class=\"elementor-column elementor-col-100 elementor-top-column elementor-element elementor-element-984fb8c\" data-id=\"984fb8c\" data-element_type=\"column\" data-e-type=\"column\">\n\t\t\t<div class=\"elementor-widget-wrap elementor-element-populated\">\n\t\t\t\t\t\t<div class=\"elementor-element elementor-element-b02fcdb elementor-widget elementor-widget-text-editor\" data-id=\"b02fcdb\" data-element_type=\"widget\" data-e-type=\"widget\" data-widget_type=\"text-editor.default\">\n\t\t\t\t\t\t\t\t\t<p>WFR SISTEMAS LTDA tiene como prioridad la protecci\u00f3n de datos personales, manteniendo todos los debidos aspectos de seguridad y privacidad. Tambi\u00e9n, nos comprometemos con la transparencia del proceso de tratamiento de datos personales de nuestros stakeholders. Por ello, la presente Pol\u00edtica de Privacidad establece como se realiza la recopilaci\u00f3n, uso y transferencia de informaciones de clientes u otras personas que accedan o utilicen nuestro sitio web.<\/p><p>Al utilizar nuestros servicios, usted comprende que recopilamos y utilizamos su informaci\u00f3n personal en las formas descritas en esta Pol\u00edtica, bajo las normas de Protecci\u00f3n de Datos (LGPD, Ley Federal 13.709\/2018 brasile\u00f1a), las disposiciones de consumo de la Ley Federal 8078\/1990 y otras normas del ordenamiento jur\u00eddico brasile\u00f1o aplicable.<\/p><p>De esta forma, WFR SISTEMAS LTDA, inscrita en el CNPJ\/MF n\u00famero 08.534.247\/0001-08, en adelante denominada simplemente como WFR SISTEMAS LTDA, en calidad de responsable del tratamiento, est\u00e1 sujeta a las disposiciones de la presente Pol\u00edtica de Privacidad.<\/p><h2>\u00bfQu\u00e9 datos recopilamos sobre usted y con cual finalidad?<\/h2><p>Nuestro sitio web recopila y utiliza algunos datos personales, para facilitar la prestaci\u00f3n de servicios y perfeccionar la experiencia de uso.<\/p><p>Datos personales proporcionados por el titular.<\/p><ul><li>A &#8211; Datos proporcionados por los usuarios (informaci\u00f3n de contacto, datos profesionales, informaci\u00f3n financiera o t\u00e9cnica);<\/li><li>B &#8211; Datos de navegaci\u00f3n (ej.: direcci\u00f3n IP, localizaci\u00f3n, pa\u00eds, tiempo de navegaci\u00f3n, tiempo de acceso) o datos que surjan de su interacci\u00f3n con nuestro sitio web;<\/li><li>C &#8211; Cookies y sistemas de seguimiento de Internet.<\/li><\/ul><h2>Consentimiento<\/h2><p>Es a partir de su consentimiento que tratamos los datos personales. El consentimiento es la libre manifestaci\u00f3n, informada e inequ\u00edvoca mediante la cual usted autoriza a WFR SISTEMAS LTDA a tratar sus datos. As\u00ed, de acuerdo con la Ley General de Protecci\u00f3n de Datos, sus datos s\u00f3lo ser\u00e1n recopilados, tratados y almacenados con su previo y expreso consentimiento.<\/p><p>Su consentimiento se obtendr\u00e1 espec\u00edficamente para cada finalidad descrita anteriormente, evidenciando el compromiso de WFR SISTEMAS LTDA con la transparencia y la buena fe hacia sus usuarios\/clientes, siguiendo las normas legislativas pertinentes.<\/p><p>Al utilizar los servicios de WFR SISTEMAS LTDA y proporcionar sus datos personales, usted conoce y consiente lo dispuesto en la presente Pol\u00edtica de Privacidad, adem\u00e1s de conocer sus derechos y c\u00f3mo ejercerlos. En cualquier momento y sin costo alguno, podr\u00e1 retirar su consentimiento.<\/p><p>Es importante resaltar que la revocaci\u00f3n del consentimiento para el tratamiento de datos puede implicar la imposibilidad del correcto funcionamiento de alguna funcionalidad del sitio web que depende de esta operaci\u00f3n. Tales consecuencias ser\u00e1n previamente informadas.<\/p><h2>\u00bfCu\u00e1les son sus derechos?<\/h2><p>WFR SISTEMAS LTDA garantiza a sus usuarios\/clientes sus derechos de titular previstos en el art\u00edculo 18 de Ley General de Protecci\u00f3n de Datos. Por lo tanto, podr\u00e1, de forma gratuita y en cualquier momento:<\/p><ul><li>A &#8211; Confirmar la existencia de tratamiento de datos, de forma simplificada o en formato claro y completo;<\/li><li>B &#8211; Acceder a sus datos, pudiendo solicitarlos en una copia legible impresa o electr\u00f3nica, segura e id\u00f3nea;<\/li><li>C &#8211; Corregir sus datos, al solicitar una edici\u00f3n, correcci\u00f3n o actualizaci\u00f3n de estos;<\/li><li>D \u2013 Limitar sus datos cuando sean innecesarios, excesivos o tratados incumpliendo la legislaci\u00f3n mediante anonimizaci\u00f3n, bloqueo o eliminaci\u00f3n;<\/li><li>E &#8211; Solicitar la portabilidad de sus datos, a trav\u00e9s de un informe de datos de registro que WFR SISTEMAS LTDA trata sobre usted;<\/li><li>F &#8211; Eliminar sus datos tratados a partir de su consentimiento, excepto en los casos previstos en la ley;<\/li><li>G &#8211; Revocar su consentimiento, desautorizando el tratamiento de sus datos;<\/li><li>H &#8211; Informarse sobre la posibilidad de no proporcionar su consentimiento y sobre las consecuencias de la negativa;<\/li><\/ul><h2>\u00bfComo usted puede ejercer sus derechos como titular?<\/h2><p>Para ejercer sus derechos de titular, usted debe entrar en contacto con WFR SISTEMAS LTDA a trav\u00e9s de los siguientes medios disponibles:<\/p><ul><li>A &#8211; Por email;<\/li><li>B &#8211; Tel\u00e9fono<\/li><\/ul><p>Con el fin de garantizar su correcta identificaci\u00f3n como titular de los datos personales objeto de la solicitud, es posible que le solicitemos documentos u otras pruebas que puedan acreditar su identidad. En este caso, usted ser\u00e1 previamente informado.<\/p><h2>\u00bfComo y por cuanto tiempo se almacenan sus datos?<\/h2><p>Sus datos personales recopilados ser\u00e1n utilizados y almacenados durante el tiempo necesario para prestar el servicio o para lograr los fines enumerados en esta Pol\u00edtica de privacidad, considerando los derechos de los interesados y los controladores.<\/p><p>En t\u00e9rminos generales, sus datos se conservar\u00e1n mientras dure la relaci\u00f3n contractual entre usted y WFR SISTEMAS LTDA. Transcurrido el plazo de conservaci\u00f3n de los datos personales, estos ser\u00e1n eliminados de nuestras bases de datos o anonimizados, salvo en los supuestos legalmente previstos en el art\u00edculo 16 de la Ley General de Protecci\u00f3n de Datos, a saber:<\/p><ul><li>A &#8211; Cumplimiento de obligaci\u00f3n legal o regulatoria por el controlador;<\/li><li>B &#8211; Estudio por organismo de investigaci\u00f3n, garantizando, siempre que sea posible, el anonimato de los datos personales;<\/li><li>C &#8211; Transferencia a tercero, desde que sean respetados los requisitos de tratamiento de datos dispuestos en la Ley; o<\/li><li>D \u2013 Uso exclusivo del controlador, quedando prohibido el acceso de un tercero, y siempre que se anonimicen los datos.<\/li><\/ul><p>Es decir, se mantendr\u00e1 la informaci\u00f3n personal sobre usted que sea indispensable para el cumplimiento de determinaciones legales, judiciales y administrativas y\/o para el ejercicio del derecho de defensa en procedimientos judiciales y administrativos, a pesar de la exclusi\u00f3n de otros datos.<\/p><p>El almacenaje de datos recopilados refleja nuestro compromiso con la seguridad y privacidad de sus datos. Utilizamos medidas y soluciones t\u00e9cnicas de protecci\u00f3n aptas para garantizar la confidencialidad, integridad e inviolabilidad de sus datos. Adem\u00e1s, tambi\u00e9n contamos con medidas de seguridad adecuadas a los riesgos y con control de acceso a las informaciones almacenadas.<\/p><h2>\u00bfQu\u00e9 hacemos para mantener sus datos seguros?<\/h2><p>Para mantener sus informaciones personales seguras, utilizamos herramientas f\u00edsicas, electr\u00f3nicas y directivas orientadas a la protecci\u00f3n de su privacidad. Aplicamos estas herramientas considerando la naturaleza de los datos personales recopilados, el contexto, la finalidad del tratamiento y los riesgos que eventuales violaciones generen para los derechos y libertades del titular de los datos recopilados y tratados.<\/p><p>Entre las medidas que adoptamos, destacamos las siguientes:<\/p><ul><li>A \u2013 Solo las personas autorizadas tienen acceso a sus datos personales;<\/li><li>B \u2013 El acceso a sus datos personales se realiza s\u00f3lo despu\u00e9s del compromiso de confidencialidad;<\/li><li>C \u2013 Sus datos personales se almacenan en un entorno seguro y adecuado.<\/li><\/ul><p>WFR SISTEMAS LTDA se compromete a adoptar las mejores posturas para evitar incidentes de seguridad. Sin embargo, es necesario se\u00f1alar que ninguna p\u00e1gina virtual es totalmente segura y libre de riesgos. Es posible que, a pesar de todos nuestros protocolos de seguridad, se produzcan problemas \u00fanicamente por culpa de terceros, como ciberataques de piratas inform\u00e1ticos, o tambi\u00e9n por negligencia o imprudencia del usuario\/cliente.<\/p><p>En caso de incidentes de seguridad que puedan generar riesgo o da\u00f1o relevante para usted o cualquiera de nuestros clientes\/usuarios, comunicaremos a los afectados y a la Autoridad Nacional de Protecci\u00f3n de Datos sobre lo ocurrido, de conformidad con las disposiciones de la Ley General de Protecci\u00f3n de Datos.<\/p><h2>\u00bfCon qui\u00e9n pueden compartirse sus datos?<\/h2><p>Con el fin de preservar su privacidad, WFR SISTEMAS LTDA no compartir\u00e1 sus datos personales con ning\u00fan tercero no autorizado. Sus datos pueden compartirse con futuros socios comerciales, donde le informaremos qu\u00e9 datos se compartir\u00e1n y con qui\u00e9n los compartiremos.<\/p><p>Estos recibir\u00e1n sus datos solo en la medida necesaria para la prestaci\u00f3n de los servicios contratados y nuestros contratos se rigen por las normas de protecci\u00f3n de datos del ordenamiento jur\u00eddico brasile\u00f1o. Sin embargo, nuestros socios tienen sus propias Pol\u00edticas de privacidad, que pueden diferir de esta. Recomendamos la lectura de estos documentos.<\/p><p>Adem\u00e1s, tambi\u00e9n existen otras hip\u00f3tesis en las que sus datos pueden ser compartidos, que son:<\/p><p>A &#8211; Determinaci\u00f3n judicial, solicitud, requisici\u00f3n u orden judicial, con autoridades judiciales, administrativas o gubernamentales competentes;<\/p><p>B \u2013 En caso de movimientos societarios, tales como fusi\u00f3n, adquisici\u00f3n e incorporaci\u00f3n, autom\u00e1ticamente;<\/p><p>C \u2013 Protecci\u00f3n de los derechos de (raz\u00f3n social simplificada) en cualquier tipo de conflicto, incluidos los jur\u00eddicos.<\/p><h2>Transferencia internacional de datos<\/h2><p>Algunos de los terceros con los que compartimos sus datos pueden estar ubicados o tener instalaciones ubicadas en pa\u00edses extranjeros. Bajo estas condiciones, en cualquier caso, sus datos personales estar\u00e1n sujetos a la Ley General de Protecci\u00f3n de Datos y a la legislaci\u00f3n brasile\u00f1a de protecci\u00f3n de datos.<\/p><p>En este sentido, WFR SISTEMAS LTDA se compromete a adoptar siempre est\u00e1ndares eficientes de ciberseguridad y protecci\u00f3n de datos, en los mejores esfuerzos para garantizar y cumplir con los requisitos legislativos. Al aceptar esta Pol\u00edtica de privacidad, acepta este intercambio, que se llevar\u00e1 a cabo de acuerdo con los prop\u00f3sitos descritos en este instrumento.<\/p><h2>Cookies o datos de navegaci\u00f3n<\/h2><p>WFR SISTEMAS LTDA utiliza Cookies, que son archivos de texto enviados por la plataforma a su computadora y almacenados all\u00ed, que contienen informaci\u00f3n relacionada con la navegaci\u00f3n del sitio web. En definitiva, las Cookies se utilizan para mejorar la experiencia del usuario.<\/p><p>Al acceder a nuestro sitio web y dar su consentimiento para el uso de Cookies, reconoce y acepta el uso de un sistema de recopilaci\u00f3n de datos de navegaci\u00f3n con el uso de Cookies en su dispositivo.<\/p><p>Usted puede, en cualquier momento y sin costo alguno, cambiar los permisos, bloquear o rechazar las Cookies. No obstante, la revocaci\u00f3n del consentimiento para determinados Cookies puede impedir el correcto funcionamiento de algunas funcionalidades de la plataforma.<\/p><p>Para gestionar las cookies de su navegador, simplemente h\u00e1galo directamente en la configuraci\u00f3n del navegador, en el \u00e1rea de Gesti\u00f3n de cookies.<\/p><p>Puede acceder a tutoriales sobre el tema directamente desde los siguientes enlaces:<\/p><ul><li>Si usted usa <a href=\"https:\/\/support.microsoft.com\/pt-br\/help\/17442\/windows-internet-explorer-delete-manage-cookies\" target=\"_blank\" rel=\"noopener\">Internet Explorer<\/a>.<\/li><li>Si usted usa <a href=\"https:\/\/support.mozilla.org\/pt-BR\/kb\/gerencie-configuracoes-de-armazenamento-local-de-s\" target=\"_blank\" rel=\"noopener\">Firefox<\/a>.<\/li><li>Si usted usa <a href=\"https:\/\/support.apple.com\/pt-br\/guide\/safari\/sfri11471\/mac\" target=\"_blank\" rel=\"noopener\">Safari<\/a>.<\/li><li>Si usted usa <a href=\"https:\/\/support.google.com\/chrome\/answer\/95647?co=GENIE.Platform=Desktop&amp;oco=1&amp;hl=pt-BR\" target=\"_blank\" rel=\"noopener\">Google Chrome<\/a>.<\/li><li>Si usted usa <a href=\"https:\/\/support.microsoft.com\/pt-br\/help\/4027947\/microsoft-edge-delete-cookies\" target=\"_blank\" rel=\"noopener\">Microsoft Edge<\/a>.<\/li><li>Si usted usa <a href=\"https:\/\/help.opera.com\/en\/latest\/web-preferences\/\" target=\"_blank\" rel=\"noopener\">Opera<\/a>.<\/li><\/ul><h2>Modificaci\u00f3n de esta Pol\u00edtica de Privacidad<\/h2><p>La versi\u00f3n actual de la Pol\u00edtica de Privacidad fue formulada y actualizada el: 04\/06\/2021. Reservamos el derecho de modificar esta Pol\u00edtica de Privacidad en cualquier momento, principalmente en funci\u00f3n de la adecuaci\u00f3n a eventuales modificaciones hechas en nuestro sitio web o en el \u00e1mbito legislativo. Recomendamos una revisi\u00f3n peri\u00f3dica. Cualquier cambio entrar\u00e1 en vigor a partir de su publicaci\u00f3n en nuestro sitio web y siempre le notificaremos cualquier cambio que se haya producido. Al utilizar nuestros servicios y proporcionar sus datos personales despu\u00e9s de dichos cambios, usted los acepta.<\/p><h2>Responsabilidad<\/h2><p>WFR SISTEMAS LTDA prev\u00e9 la responsabilidad de los agentes que act\u00faan en procesos de tratamiento de datos, de conformidad con los art\u00edculos 42 a 45 de la Ley General de Protecci\u00f3n de Datos. Nos comprometemos a mantener esta Pol\u00edtica de Privacidad actualizada, observando sus disposiciones y velando por su cumplimiento. Adem\u00e1s, nos comprometemos tambi\u00e9n a buscar condiciones t\u00e9cnicas y organizativas seguras capaces de proteger todo el proceso de procesamiento de datos. Si la Autoridad Nacional de Protecci\u00f3n de Datos requiere la adopci\u00f3n de medidas en relaci\u00f3n con el tratamiento de datos que realiza nuestra organizaci\u00f3n, nos comprometemos a adoptarlas.<\/p><h2>Descargo de responsabilidad<\/h2><p>Como se mencion\u00f3 en el Tema 6, aunque adoptamos altos est\u00e1ndares de seguridad para prevenir incidentes, ninguna p\u00e1gina virtual est\u00e1 completamente libre de riesgos. Por tal motivo, WFR SISTEMAS LTDA no se responsabiliza por:<\/p><ul><li>A \u2013 Las consecuencias derivadas de la negligencia, imprudencia o mala pr\u00e1ctica de los usuarios en relaci\u00f3n con sus datos personales. Garantizamos y nos responsabilizamos solo por la seguridad de los procesos de tratamiento de datos y cumplimiento de las finalidades descritas en el presente instrumento.<\/li><li>B &#8211; Destacamos que la responsabilidad en relaci\u00f3n con la confidencialidad de los datos de acceso es del usuario.<\/li><li>C &#8211; Acciones maliciosas de terceros, como ataques hackers, excepto si se comprueba conducta culposa o deliberada de WFR SISTEMAS LTDA;<\/li><li>D &#8211; Destacamos que en caso de incidentes de seguridad que puedan generar riesgo o da\u00f1o relevante para usted o cualquiera de nuestros clientes\/usuarios, comunicaremos a los afectados y a la Autoridad Nacional de Protecci\u00f3n de Datos sobre lo ocurrido y tomaremos las medidas necesarias.<\/li><li>E &#8211; Inexactitud de la informaci\u00f3n ingresada por el usuario\/cliente en los registros necesarios para la utilizaci\u00f3n de los servicios de WFR SISTEMAS LTDA; las consecuencias derivadas de una informaci\u00f3n falsa o introducida de mala fe son de entera responsabilidad del usuario\/cliente.<\/li><\/ul><h2>Encargado de Protecci\u00f3n de Datos<\/h2><p>Para ejercer sus derechos de titular, usted debe entrar en contacto con WFR SISTEMAS LTDA a trav\u00e9s de los siguientes medios disponibles: (41) 3275-6900<\/p><ul><li>  (41) 3275-6900<\/li><\/ul><div> <\/div><p>En caso de dudas sobre esta Pol\u00edtica de Privacidad o sobre los datos personales que procesamos, puede comunicarse con nuestro Oficial de Protecci\u00f3n de Datos Personales a trav\u00e9s de los siguientes canales:<\/p><ul><li>Email del DPO: dpo@intuix.com.br<\/li><li>Tel\u00e9fono comercial del DPO: (11) 5547-7791<\/li><li>Tel\u00e9fono de la empresa: (41) 3275-6900<\/li><li>Nombre del DPO responsable de los datos: INTUIX TECNOLOGIA LTDA<\/li><\/ul>\t\t\t\t\t\t\t\t<\/div>\n\t\t\t\t\t<\/div>\n\t\t<\/div>\n\t\t\t\t\t<\/div>\n\t\t<\/section>\n\t\t\t\t<\/div>\n\t\t","protected":false},"excerpt":{"rendered":"<p>Pol\u00edtica de Privacidad Pol\u00edtica de Cookies WFR SISTEMAS LTDA tiene como prioridad la protecci\u00f3n de datos personales, manteniendo todos los debidos aspectos de seguridad y privacidad. Tambi\u00e9n, nos comprometemos con la transparencia del proceso de tratamiento de datos personales de nuestros stakeholders. Por ello, la presente Pol\u00edtica de Privacidad establece como se realiza la recopilaci\u00f3n, [&hellip;]<\/p>\n","protected":false},"author":1,"featured_media":0,"parent":0,"menu_order":0,"comment_status":"closed","ping_status":"closed","template":"","meta":{"_jf_save_progress":"","_jet_sm_ready_style":"","_jet_sm_style":"","_jet_sm_controls_values":"","_jet_sm_fonts_collection":"","_jet_sm_fonts_links":"","footnotes":""},"class_list":["post-3242","page","type-page","status-publish","hentry"],"_links":{"self":[{"href":"https:\/\/camposdealer.com.br\/es\/wp-json\/wp\/v2\/pages\/3242","targetHints":{"allow":["GET"]}}],"collection":[{"href":"https:\/\/camposdealer.com.br\/es\/wp-json\/wp\/v2\/pages"}],"about":[{"href":"https:\/\/camposdealer.com.br\/es\/wp-json\/wp\/v2\/types\/page"}],"author":[{"embeddable":true,"href":"https:\/\/camposdealer.com.br\/es\/wp-json\/wp\/v2\/users\/1"}],"replies":[{"embeddable":true,"href":"https:\/\/camposdealer.com.br\/es\/wp-json\/wp\/v2\/comments?post=3242"}],"version-history":[{"count":0,"href":"https:\/\/camposdealer.com.br\/es\/wp-json\/wp\/v2\/pages\/3242\/revisions"}],"wp:attachment":[{"href":"https:\/\/camposdealer.com.br\/es\/wp-json\/wp\/v2\/media?parent=3242"}],"curies":[{"name":"wp","href":"https:\/\/api.w.org\/{rel}","templated":true}]}}