{"id":3239,"date":"2023-02-05T22:04:19","date_gmt":"2023-02-06T01:04:19","guid":{"rendered":"https:\/\/camposdealer.com.br\/politica-de-cookies\/"},"modified":"2023-02-05T23:00:32","modified_gmt":"2023-02-06T02:00:32","slug":"politica-de-cookies","status":"publish","type":"page","link":"https:\/\/camposdealer.com.br\/es\/politica-de-cookies\/","title":{"rendered":"Pol\u00edtica de Cookies"},"content":{"rendered":"\t\t<div data-elementor-type=\"wp-page\" data-elementor-id=\"3239\" class=\"elementor elementor-3239 elementor-3173\" data-elementor-post-type=\"page\">\n\t\t\t\t\t\t<section class=\"elementor-section elementor-top-section elementor-element elementor-element-c5e7d24 elementor-section-boxed elementor-section-height-default elementor-section-height-default\" data-id=\"c5e7d24\" data-element_type=\"section\" data-e-type=\"section\" data-settings=\"{&quot;jet_parallax_layout_list&quot;:[{&quot;jet_parallax_layout_image&quot;:{&quot;url&quot;:&quot;&quot;,&quot;id&quot;:&quot;&quot;,&quot;size&quot;:&quot;&quot;},&quot;_id&quot;:&quot;3da9e1e&quot;,&quot;jet_parallax_layout_image_tablet&quot;:{&quot;url&quot;:&quot;&quot;,&quot;id&quot;:&quot;&quot;,&quot;size&quot;:&quot;&quot;},&quot;jet_parallax_layout_image_mobile&quot;:{&quot;url&quot;:&quot;&quot;,&quot;id&quot;:&quot;&quot;,&quot;size&quot;:&quot;&quot;},&quot;jet_parallax_layout_speed&quot;:{&quot;unit&quot;:&quot;%&quot;,&quot;size&quot;:50,&quot;sizes&quot;:[]},&quot;jet_parallax_layout_type&quot;:&quot;scroll&quot;,&quot;jet_parallax_layout_direction&quot;:&quot;1&quot;,&quot;jet_parallax_layout_fx_direction&quot;:null,&quot;jet_parallax_layout_z_index&quot;:&quot;&quot;,&quot;jet_parallax_layout_bg_x&quot;:50,&quot;jet_parallax_layout_bg_x_tablet&quot;:&quot;&quot;,&quot;jet_parallax_layout_bg_x_mobile&quot;:&quot;&quot;,&quot;jet_parallax_layout_bg_y&quot;:50,&quot;jet_parallax_layout_bg_y_tablet&quot;:&quot;&quot;,&quot;jet_parallax_layout_bg_y_mobile&quot;:&quot;&quot;,&quot;jet_parallax_layout_bg_size&quot;:&quot;auto&quot;,&quot;jet_parallax_layout_bg_size_tablet&quot;:&quot;&quot;,&quot;jet_parallax_layout_bg_size_mobile&quot;:&quot;&quot;,&quot;jet_parallax_layout_animation_prop&quot;:&quot;transform&quot;,&quot;jet_parallax_layout_on&quot;:[&quot;desktop&quot;,&quot;tablet&quot;]}]}\">\n\t\t\t\t\t\t<div class=\"elementor-container elementor-column-gap-default\">\n\t\t\t\t\t<div class=\"elementor-column elementor-col-100 elementor-top-column elementor-element elementor-element-9887a41\" data-id=\"9887a41\" data-element_type=\"column\" data-e-type=\"column\">\n\t\t\t<div class=\"elementor-widget-wrap elementor-element-populated\">\n\t\t\t\t\t\t<div class=\"elementor-element elementor-element-f25bffa elementor-widget-divider--view-line elementor-widget elementor-widget-divider\" data-id=\"f25bffa\" data-element_type=\"widget\" data-e-type=\"widget\" data-widget_type=\"divider.default\">\n\t\t\t\t\t\t\t<div class=\"elementor-divider\">\n\t\t\t<span class=\"elementor-divider-separator\">\n\t\t\t\t\t\t<\/span>\n\t\t<\/div>\n\t\t\t\t\t\t<\/div>\n\t\t\t\t\t<\/div>\n\t\t<\/div>\n\t\t\t\t\t<\/div>\n\t\t<\/section>\n\t\t\t\t<section class=\"elementor-section elementor-top-section elementor-element elementor-element-4f77ef1 elementor-section-boxed elementor-section-height-default elementor-section-height-default\" data-id=\"4f77ef1\" data-element_type=\"section\" data-e-type=\"section\" data-settings=\"{&quot;jet_parallax_layout_list&quot;:[]}\">\n\t\t\t\t\t\t<div class=\"elementor-container elementor-column-gap-default\">\n\t\t\t\t\t<div class=\"elementor-column elementor-col-100 elementor-top-column elementor-element elementor-element-b07708f\" data-id=\"b07708f\" data-element_type=\"column\" data-e-type=\"column\">\n\t\t\t<div class=\"elementor-widget-wrap elementor-element-populated\">\n\t\t\t\t\t\t<div class=\"elementor-element elementor-element-1101b53 elementor-align-right elementor-widget__width-auto elementor-widget elementor-widget-button\" data-id=\"1101b53\" data-element_type=\"widget\" data-e-type=\"widget\" data-widget_type=\"button.default\">\n\t\t\t\t\t\t\t\t\t\t<a class=\"elementor-button elementor-button-link elementor-size-xs\" href=\"https:\/\/camposdealer.com.br\/es\/politica-de-privacidad\/\">\n\t\t\t\t\t\t<span class=\"elementor-button-content-wrapper\">\n\t\t\t\t\t\t\t\t\t<span class=\"elementor-button-text\">Pol\u00edtica de Privacidad<\/span>\n\t\t\t\t\t<\/span>\n\t\t\t\t\t<\/a>\n\t\t\t\t\t\t\t\t<\/div>\n\t\t\t\t<div class=\"elementor-element elementor-element-fd9bbe6 elementor-align-right elementor-widget__width-auto elementor-widget elementor-widget-button\" data-id=\"fd9bbe6\" data-element_type=\"widget\" data-e-type=\"widget\" data-widget_type=\"button.default\">\n\t\t\t\t\t\t\t\t\t\t<a class=\"elementor-button elementor-button-link elementor-size-xs\" href=\"#\">\n\t\t\t\t\t\t<span class=\"elementor-button-content-wrapper\">\n\t\t\t\t\t\t\t\t\t<span class=\"elementor-button-text\">Pol\u00edtica de Cookies<\/span>\n\t\t\t\t\t<\/span>\n\t\t\t\t\t<\/a>\n\t\t\t\t\t\t\t\t<\/div>\n\t\t\t\t\t<\/div>\n\t\t<\/div>\n\t\t\t\t\t<\/div>\n\t\t<\/section>\n\t\t\t\t<section class=\"elementor-section elementor-top-section elementor-element elementor-element-79fbe0b elementor-section-boxed elementor-section-height-default elementor-section-height-default\" data-id=\"79fbe0b\" data-element_type=\"section\" data-e-type=\"section\" data-settings=\"{&quot;jet_parallax_layout_list&quot;:[]}\">\n\t\t\t\t\t\t<div class=\"elementor-container elementor-column-gap-default\">\n\t\t\t\t\t<div class=\"elementor-column elementor-col-100 elementor-top-column elementor-element elementor-element-424b72b\" data-id=\"424b72b\" data-element_type=\"column\" data-e-type=\"column\">\n\t\t\t<div class=\"elementor-widget-wrap elementor-element-populated\">\n\t\t\t\t\t\t<div class=\"elementor-element elementor-element-80dd09a elementor-widget elementor-widget-text-editor\" data-id=\"80dd09a\" data-element_type=\"widget\" data-e-type=\"widget\" data-widget_type=\"text-editor.default\">\n\t\t\t\t\t\t\t\t\t<p>Creemos en la transparencia y honestidad sobre como recopilamos y utilizamos sus datos. La presente pol\u00edtica de Cookies es aplicada a todos los productos y servicios relacionados a esta pol\u00edtica o incorporados a esta por referencia. Utilizamos cookies y tecnolog\u00edas similares para recopilar y utilizar datos como parte de nuestros Servicios, tal como se establece en nuestra Pol\u00edtica de privacidad.<\/p>\n<p>Las cookies son peque\u00f1os archivos de texto que almacenan las actividades del usuario durante un per\u00edodo de tiempo determinado. Las cookies almacenan su historial de navegaci\u00f3n, as\u00ed como los inicios de sesi\u00f3n y las contrase\u00f1as. Es gracias a ellas que puede acceder a su cuenta sin tener que volver a introducir siempre sus datos de registro, ya que el navegador utiliza cookies y lo hace por usted. Adem\u00e1s de varios aspectos funcionales, las cookies tambi\u00e9n cumplen una funci\u00f3n excelente en sistemas conocidos como Google Drive, por ejemplo.<\/p>\n<h2>Tecnolog\u00edas utilizadas<\/h2>\n\t\t\t\t\t\t\t\t<\/div>\n\t\t\t\t<div class=\"elementor-element elementor-element-868b148 elementor-widget elementor-widget-jet-table\" data-id=\"868b148\" data-element_type=\"widget\" data-e-type=\"widget\" data-widget_type=\"jet-table.default\">\n\t\t\t\t<div class=\"elementor-widget-container\">\n\t\t\t\t\t<div class=\"elementor-jet-table jet-elements\">\n\t\t<div class=\"jet-table-wrapper\">\n\t\t\t<table class=\"jet-table jet-table--fa5-compat\">\n\t\t\t\t<thead class=\"jet-table__head\"><tr class=\"jet-table__head-row\"><th class=\"jet-table__cell elementor-repeater-item-d451ef6 jet-table__head-cell\" scope=\"col\"><div class=\"jet-table__cell-inner\"><div class=\"jet-table__cell-content\"><div class=\"jet-table__cell-text\">T\u00edtulo<\/div><\/div><\/div><\/th><th class=\"jet-table__cell elementor-repeater-item-14236e8 jet-table__head-cell\" scope=\"col\"><div class=\"jet-table__cell-inner\"><div class=\"jet-table__cell-content\"><div class=\"jet-table__cell-text\">Descripci\u00f3n<\/div><\/div><\/div><\/th><\/tr><\/thead>\n\t\t\t\t\t\t\t\t<tbody class=\"jet-table__body\"><tr class=\"jet-table__body-row elementor-repeater-item-9f6b4da\"><td class=\"jet-table__cell elementor-repeater-item-90c986a jet-table__body-cell\"><div class=\"jet-table__cell-inner\"><div class=\"jet-table__cell-content\"><div class=\"jet-table__cell-text\">Cookies<\/div><\/div><\/div><\/td><td class=\"jet-table__cell elementor-repeater-item-525e2eb jet-table__body-cell\"><div class=\"jet-table__cell-inner\"><div class=\"jet-table__cell-content\"><div class=\"jet-table__cell-text\">Una cookie es un peque\u00f1o archivo agregado a su dispositivo o computadora que permite activar los recursos y funciones. Cualquier navegador que acceda a nuestro sitio web puede recibir cookies nuestras o de terceros, como nuestros clientes, socios o prestadores de servicios. Nosotros o terceros tambi\u00e9n podemos colocar cookies en su navegador cuando visita sitios distintos al sitio actual que muestran anuncios o que alojan nuestros plug-ins o etiquetas.\n<br><br>\nUtilizados dos tipos de cookies: cookies persistentes y cookies de sesi\u00f3n. Una cookie persistente dura m\u00e1s all\u00e1 de la sesi\u00f3n actual y se usa para muchos prop\u00f3sitos, como reconocerlo como usuario, facilitarle el regreso e interactuar con nuestros servicios sin tener que volver a iniciar sesi\u00f3n en su cuenta. Dado que la cookie persistente permanece en su navegador, se leer\u00e1 cada vez que regrese a uno de nuestros sitios web o visite un sitio web de un tercero que utilice nuestros Servicios. Las cookies de sesi\u00f3n duran \u00fanicamente hasta el cierre de la sesi\u00f3n (generalmente, durante la visita a un sitio web o durante una sesi\u00f3n del navegador).<\/div><\/div><\/div><\/td><\/tr><tr class=\"jet-table__body-row elementor-repeater-item-d4b52a5\"><td class=\"jet-table__cell elementor-repeater-item-bde82e4 jet-table__body-cell\"><div class=\"jet-table__cell-inner\"><div class=\"jet-table__cell-content\"><div class=\"jet-table__cell-text\">P\u00edxel<\/div><\/div><\/div><\/td><td class=\"jet-table__cell elementor-repeater-item-197522e jet-table__body-cell\"><div class=\"jet-table__cell-inner\"><div class=\"jet-table__cell-content\"><div class=\"jet-table__cell-text\">Un p\u00edxel es una imagen peque\u00f1a que se puede encontrar en las p\u00e1ginas web y en los correos electr\u00f3nicos y que requiere una llamada (que proporciona informaci\u00f3n sobre el dispositivo y la visita) a nuestros servidores para que el p\u00edxel aparezca en estas p\u00e1ginas web y en los correos electr\u00f3nicos. Usamos p\u00edxeles para obtener m\u00e1s informaci\u00f3n sobre sus interacciones con el correo electr\u00f3nico o el contenido web, por ejemplo, si ha interactuado con anuncios o publicaciones. P\u00edxeles tambi\u00e9n permiten que nosotros y terceros instalemos cookies en su navegador.<\/div><\/div><\/div><\/td><\/tr><tr class=\"jet-table__body-row elementor-repeater-item-d08fe0e\"><td class=\"jet-table__cell elementor-repeater-item-b83d06e jet-table__body-cell\"><div class=\"jet-table__cell-inner\"><div class=\"jet-table__cell-content\"><div class=\"jet-table__cell-text\">Almacenamiento local<\/div><\/div><\/div><\/td><td class=\"jet-table__cell elementor-repeater-item-b727f3b jet-table__body-cell\"><div class=\"jet-table__cell-inner\"><div class=\"jet-table__cell-content\"><div class=\"jet-table__cell-text\">El almacenamiento local permite que un sitio web o una aplicaci\u00f3n almacene informaci\u00f3n localmente en sus dispositivos. El almacenamiento local se puede utilizar para mejorar su experiencia en el sitio, por ejemplo, habilitando funciones, recordando sus preferencias y acelerando la funcionalidad del sitio.<\/div><\/div><\/div><\/td><\/tr><tr class=\"jet-table__body-row elementor-repeater-item-38e4f26\"><td class=\"jet-table__cell elementor-repeater-item-f71176f jet-table__body-cell\"><div class=\"jet-table__cell-inner\"><div class=\"jet-table__cell-content\"><div class=\"jet-table__cell-text\">Otras tecnolog\u00edas similares<\/div><\/div><\/div><\/td><td class=\"jet-table__cell elementor-repeater-item-0f6bab8 jet-table__body-cell\"><div class=\"jet-table__cell-inner\"><div class=\"jet-table__cell-content\"><div class=\"jet-table__cell-text\">Tambi\u00e9n utilizamos otras tecnolog\u00edas de rastreo, como identificadores y marcadores para publicidad en dispositivos m\u00f3viles, para objetivos similares, seg\u00fan descrito en esta Pol\u00edtica de Cookies.<\/div><\/div><\/div><\/td><\/tr><\/tbody>\n\t\t\t<\/table>\n\t\t<\/div>\n\n\t\t<\/div>\t\t\t\t<\/div>\n\t\t\t\t<\/div>\n\t\t\t\t<div class=\"elementor-element elementor-element-a772c22 elementor-widget elementor-widget-text-editor\" data-id=\"a772c22\" data-element_type=\"widget\" data-e-type=\"widget\" data-widget_type=\"text-editor.default\">\n\t\t\t\t\t\t\t\t\t<p><span style=\"color: var( --e-global-color-text );\">Nuestras tablas de cookies enumeran algunas de las cookies utilizadas por nosotros y por terceros como parte de nuestros Servicios. Tenga en cuenta que estas tablas pueden actualizarse de vez en cuando para brindarle la informaci\u00f3n m\u00e1s reciente.<\/span><\/p>\n<h2>Como se utilizan esas tecnolog\u00edas<\/h2>\n<p>A continuaci\u00f3n, describimos las formas de uso de las cookies:<\/p>\n\t\t\t\t\t\t\t\t<\/div>\n\t\t\t\t<div class=\"elementor-element elementor-element-c9b8e8e elementor-widget elementor-widget-jet-table\" data-id=\"c9b8e8e\" data-element_type=\"widget\" data-e-type=\"widget\" data-widget_type=\"jet-table.default\">\n\t\t\t\t<div class=\"elementor-widget-container\">\n\t\t\t\t\t<div class=\"elementor-jet-table jet-elements\">\n\t\t<div class=\"jet-table-wrapper\">\n\t\t\t<table class=\"jet-table jet-table--fa5-compat\">\n\t\t\t\t<thead class=\"jet-table__head\"><tr class=\"jet-table__head-row\"><th class=\"jet-table__cell elementor-repeater-item-d451ef6 jet-table__head-cell\" scope=\"col\"><div class=\"jet-table__cell-inner\"><div class=\"jet-table__cell-content\"><div class=\"jet-table__cell-text\">T\u00edtulo<\/div><\/div><\/div><\/th><th class=\"jet-table__cell elementor-repeater-item-14236e8 jet-table__head-cell\" scope=\"col\"><div class=\"jet-table__cell-inner\"><div class=\"jet-table__cell-content\"><div class=\"jet-table__cell-text\">Descripci\u00f3n<\/div><\/div><\/div><\/th><\/tr><\/thead>\n\t\t\t\t\t\t\t\t<tbody class=\"jet-table__body\"><tr class=\"jet-table__body-row elementor-repeater-item-9f6b4da\"><td class=\"jet-table__cell elementor-repeater-item-90c986a jet-table__body-cell\"><div class=\"jet-table__cell-inner\"><div class=\"jet-table__cell-content\"><div class=\"jet-table__cell-text\">Autenticaci\u00f3n<\/div><\/div><\/div><\/td><td class=\"jet-table__cell elementor-repeater-item-525e2eb jet-table__body-cell\"><div class=\"jet-table__cell-inner\"><div class=\"jet-table__cell-content\"><div class=\"jet-table__cell-text\">Utilizamos cookies para reconocer cuando usted accede a nuestros Servicios. Cuando usted ingresa a nuestro sitio web, las cookies nos ayudan a exhibir las informaciones correctas y a personalizar su experiencia de acuerdo con sus configuraciones.<\/div><\/div><\/div><\/td><\/tr><tr class=\"jet-table__body-row elementor-repeater-item-d4b52a5\"><td class=\"jet-table__cell elementor-repeater-item-bde82e4 jet-table__body-cell\"><div class=\"jet-table__cell-inner\"><div class=\"jet-table__cell-content\"><div class=\"jet-table__cell-text\">Seguridad<\/div><\/div><\/div><\/td><td class=\"jet-table__cell elementor-repeater-item-197522e jet-table__body-cell\"><div class=\"jet-table__cell-inner\"><div class=\"jet-table__cell-content\"><div class=\"jet-table__cell-text\">Usamos cookies para que su interacci\u00f3n con nuestros servicios sea m\u00e1s \u00e1gil y segura, y para ayudarnos a detectar actividades maliciosas.<\/div><\/div><\/div><\/td><\/tr><tr class=\"jet-table__body-row elementor-repeater-item-d08fe0e\"><td class=\"jet-table__cell elementor-repeater-item-b83d06e jet-table__body-cell\"><div class=\"jet-table__cell-inner\"><div class=\"jet-table__cell-content\"><div class=\"jet-table__cell-text\">Preferencias, recursos y servicios<\/div><\/div><\/div><\/td><td class=\"jet-table__cell elementor-repeater-item-b727f3b jet-table__body-cell\"><div class=\"jet-table__cell-inner\"><div class=\"jet-table__cell-content\"><div class=\"jet-table__cell-text\">Usamos cookies para habilitar la funcionalidad de nuestros servicios y brindarle funciones, estad\u00edsticas y contenido personalizado. Tambi\u00e9n utilizamos estas tecnolog\u00edas para guardar informaci\u00f3n sobre su navegador y sus preferencias.<\/div><\/div><\/div><\/td><\/tr><tr class=\"jet-table__body-row elementor-repeater-item-38e4f26\"><td class=\"jet-table__cell elementor-repeater-item-f71176f jet-table__body-cell\"><div class=\"jet-table__cell-inner\"><div class=\"jet-table__cell-content\"><div class=\"jet-table__cell-text\">Funcional<\/div><\/div><\/div><\/td><td class=\"jet-table__cell elementor-repeater-item-0f6bab8 jet-table__body-cell\"><div class=\"jet-table__cell-inner\"><div class=\"jet-table__cell-content\"><div class=\"jet-table__cell-text\">Utilizamos cookies para mejorar su experiencia en nuestros servicios.<\/div><\/div><\/div><\/td><\/tr><tr class=\"jet-table__body-row elementor-repeater-item-01547c9\"><td class=\"jet-table__cell elementor-repeater-item-9187e62 jet-table__body-cell\"><div class=\"jet-table__cell-inner\"><div class=\"jet-table__cell-content\"><div class=\"jet-table__cell-text\">Plugin dentro y fuera<\/div><\/div><\/div><\/td><td class=\"jet-table__cell elementor-repeater-item-7b607bd jet-table__body-cell\"><div class=\"jet-table__cell-inner\"><div class=\"jet-table__cell-content\"><div class=\"jet-table__cell-text\">Utilizamos cookies para habilitar plugins del sitio web dentro y fuera de las p\u00e1ginas. Nuestros plug-ins pueden encontrarse en el sitio o en sitios de terceros, como las p\u00e1ginas de nuestros clientes y socios. Si usted interact\u00faa con un plugin, este utilizar\u00e1 cookies para identificarlo e iniciar su solicitud.<\/div><\/div><\/div><\/td><\/tr><tr class=\"jet-table__body-row elementor-repeater-item-af5e288\"><td class=\"jet-table__cell elementor-repeater-item-6bcecf7 jet-table__body-cell\"><div class=\"jet-table__cell-inner\"><div class=\"jet-table__cell-content\"><div class=\"jet-table__cell-text\">Publicidad personalizada<\/div><\/div><\/div><\/td><td class=\"jet-table__cell elementor-repeater-item-221c83c jet-table__body-cell\"><div class=\"jet-table__cell-inner\"><div class=\"jet-table__cell-content\"><div class=\"jet-table__cell-text\">Las cookies nos ayudan a mostrarle publicidad que es relevante para usted, tanto dentro como fuera de nuestros servicios, para medir el rendimiento de dichos anuncios y proporcionarle informes sobre ellos. Utilizamos cookies para saber si se le mostr\u00f3 contenido o si alguien que vio un anuncio regres\u00f3 m\u00e1s tarde y realiz\u00f3 una acci\u00f3n (por ejemplo, descarg\u00f3 un documento t\u00e9cnico o realiz\u00f3 una compra) en otro sitio. Del mismo modo, nuestros socios o proveedores de servicios pueden usar cookies para determinar si le mostramos un anuncio o publicaci\u00f3n, c\u00f3mo se realiz\u00f3 ese anuncio o publicaci\u00f3n, o proporcionarnos informaci\u00f3n sobre c\u00f3mo usted interactu\u00f3 con el anuncio.\n<br><br>\nTambi\u00e9n podemos trabajar con nuestros clientes y socios para mostrarle un anuncio dentro y fuera del sitio, como, por ejemplo, luego de que visite el sitio o la aplicaci\u00f3n de un cliente o socio.<\/div><\/div><\/div><\/td><\/tr><tr class=\"jet-table__body-row elementor-repeater-item-0bf91c8\"><td class=\"jet-table__cell elementor-repeater-item-4da634c jet-table__body-cell\"><div class=\"jet-table__cell-inner\"><div class=\"jet-table__cell-content\"><div class=\"jet-table__cell-text\">An\u00e1lisis e Investigaci\u00f3n<\/div><\/div><\/div><\/td><td class=\"jet-table__cell elementor-repeater-item-660ada4 jet-table__body-cell\"><div class=\"jet-table__cell-inner\"><div class=\"jet-table__cell-content\"><div class=\"jet-table__cell-text\">Las cookies nos ayudan a obtener m\u00e1s informaci\u00f3n sobre el rendimiento de nuestros servicios y plugins en diferentes ubicaciones. Nosotros o nuestros proveedores de servicios usamos cookies para comprender, mejorar e investigar productos, recursos y servicios, incluso mientras navega por nuestros sitios web o cuando accede al sitio web desde otros sitios web, aplicaciones o dispositivos. Nosotros, o nuestros proveedores de servicios, usamos cookies para determinar y analizar el rendimiento de anuncios o publicaciones dentro y fuera del sitio y para saber si ha interactuado con nuestros sitios, los sitios de clientes, el contenido o los correos electr\u00f3nicos y para proporcionar an\u00e1lisis basados en estas interacciones.\n<br><br>\nTambi\u00e9n utilizamos cookies para proporcionar informaci\u00f3n agregada a nuestros clientes y socios como parte de nuestros servicios.\n<br><br>\nSi es un usuario del sitio web, pero ha cerrado la sesi\u00f3n de su cuenta en un navegador, el sitio web puede continuar registrando sus interacciones con nuestros servicios en ese navegador hasta por 30 d\u00edas para generar un an\u00e1lisis del uso de nuestros servicios. Podemos compartir estos an\u00e1lisis en forma agregada con nuestros clientes.<\/div><\/div><\/div><\/td><\/tr><\/tbody>\n\t\t\t<\/table>\n\t\t<\/div>\n\n\t\t<\/div>\t\t\t\t<\/div>\n\t\t\t\t<\/div>\n\t\t\t\t<div class=\"elementor-element elementor-element-f6849fb elementor-widget elementor-widget-text-editor\" data-id=\"f6849fb\" data-element_type=\"widget\" data-e-type=\"widget\" data-widget_type=\"text-editor.default\">\n\t\t\t\t\t\t\t\t\t<p>Adem\u00e1s, su navegador o dispositivo puede tener configuraciones que le permitan elegir si establecer o no cookies y eliminarlas. Estos controles var\u00edan de acuerdo con el navegador, y los fabricantes pueden, en cualquier momento, modificar las configuraciones y su funcionamiento.<\/p>\n<p>Puede encontrar informaci\u00f3n adicional sobre los controles que ofrecen los navegadores populares en los enlaces a continuaci\u00f3n. Es posible que ciertas partes de los Productos del sitio web no funcionen correctamente si se ha desactivado el uso de cookies del navegador. Tenga en cuenta que estos controles son diferentes de los que ofrece el sitio web.<\/p>\n<ul>\n<li><a href=\"https:\/\/support.microsoft.com\/pt-br\/help\/17442\/windows-internet-explorer-delete-manage-cookies\" target=\"_blank\" rel=\"noopener\">Internet Explorer<\/a>.<\/li>\n<li><a href=\"https:\/\/support.mozilla.org\/pt-BR\/kb\/gerencie-configuracoes-de-armazenamento-local-de-s\" target=\"_blank\" rel=\"noopener\">Firefox<\/a>.<\/li>\n<li><a href=\"https:\/\/support.apple.com\/pt-br\/guide\/safari\/sfri11471\/mac\" target=\"_blank\" rel=\"noopener\">Safari<\/a>.<\/li>\n<li><a href=\"https:\/\/support.google.com\/chrome\/answer\/95647?co=GENIE.Platform=Desktop&amp;oco=1&amp;hl=pt-BR\" target=\"_blank\" rel=\"noopener\">Google Chrome<\/a>.<\/li>\n<li><a href=\"https:\/\/support.microsoft.com\/pt-br\/help\/4027947\/microsoft-edge-delete-cookies\" target=\"_blank\" rel=\"noopener\">Microsoft Edge<\/a>.<\/li>\n<li><a href=\"https:\/\/help.opera.com\/en\/latest\/web-preferences\/\" target=\"_blank\" rel=\"noopener\">Opera<\/a>.<\/li>\n<\/ul>\n\t\t\t\t\t\t\t\t<\/div>\n\t\t\t\t\t<\/div>\n\t\t<\/div>\n\t\t\t\t\t<\/div>\n\t\t<\/section>\n\t\t\t\t<\/div>\n\t\t","protected":false},"excerpt":{"rendered":"<p>Pol\u00edtica de Privacidad Pol\u00edtica de Cookies Creemos en la transparencia y honestidad sobre como recopilamos y utilizamos sus datos. La presente pol\u00edtica de Cookies es aplicada a todos los productos y servicios relacionados a esta pol\u00edtica o incorporados a esta por referencia. Utilizamos cookies y tecnolog\u00edas similares para recopilar y utilizar datos como parte de [&hellip;]<\/p>\n","protected":false},"author":1,"featured_media":0,"parent":0,"menu_order":0,"comment_status":"closed","ping_status":"closed","template":"","meta":{"_jf_save_progress":"","_jet_sm_ready_style":"","_jet_sm_style":"","_jet_sm_controls_values":"","_jet_sm_fonts_collection":"","_jet_sm_fonts_links":"","footnotes":""},"class_list":["post-3239","page","type-page","status-publish","hentry"],"_links":{"self":[{"href":"https:\/\/camposdealer.com.br\/es\/wp-json\/wp\/v2\/pages\/3239","targetHints":{"allow":["GET"]}}],"collection":[{"href":"https:\/\/camposdealer.com.br\/es\/wp-json\/wp\/v2\/pages"}],"about":[{"href":"https:\/\/camposdealer.com.br\/es\/wp-json\/wp\/v2\/types\/page"}],"author":[{"embeddable":true,"href":"https:\/\/camposdealer.com.br\/es\/wp-json\/wp\/v2\/users\/1"}],"replies":[{"embeddable":true,"href":"https:\/\/camposdealer.com.br\/es\/wp-json\/wp\/v2\/comments?post=3239"}],"version-history":[{"count":0,"href":"https:\/\/camposdealer.com.br\/es\/wp-json\/wp\/v2\/pages\/3239\/revisions"}],"wp:attachment":[{"href":"https:\/\/camposdealer.com.br\/es\/wp-json\/wp\/v2\/media?parent=3239"}],"curies":[{"name":"wp","href":"https:\/\/api.w.org\/{rel}","templated":true}]}}